{"id":16,"date":"2014-02-02T20:38:37","date_gmt":"2014-02-02T19:38:37","guid":{"rendered":"http:\/\/forstmuseum.at\/CWL\/?page_id=16"},"modified":"2022-02-17T00:06:42","modified_gmt":"2022-02-16T23:06:42","slug":"duck-camp","status":"publish","type":"page","link":"https:\/\/old.camping-weiberlauf.at\/?page_id=16","title":{"rendered":"Duck-Camp"},"content":{"rendered":"<h2>Faszination Duck-Camp (unsere einzigartigen Holz &#8211; Chalets) direkt am Fluss.<\/h2>\n<p><a href=\"http:\/\/old.camping-weiberlauf.at\/wp-content\/uploads\/2022\/02\/1U0A2911-CR3_DxO_DeepPRIME-Bearbeitet-scaled.jpg\"><img loading=\"lazy\" decoding=\"async\" class=\"alignnone wp-image-836 size-full\" src=\"http:\/\/old.camping-weiberlauf.at\/wp-content\/uploads\/2022\/02\/1U0A2911-CR3_DxO_DeepPRIME-Bearbeitet-scaled.jpg\" alt=\"\" width=\"2560\" height=\"1708\" srcset=\"https:\/\/old.camping-weiberlauf.at\/wp-content\/uploads\/2022\/02\/1U0A2911-CR3_DxO_DeepPRIME-Bearbeitet-scaled.jpg 2560w, https:\/\/old.camping-weiberlauf.at\/wp-content\/uploads\/2022\/02\/1U0A2911-CR3_DxO_DeepPRIME-Bearbeitet-300x200.jpg 300w, https:\/\/old.camping-weiberlauf.at\/wp-content\/uploads\/2022\/02\/1U0A2911-CR3_DxO_DeepPRIME-Bearbeitet-1024x683.jpg 1024w, https:\/\/old.camping-weiberlauf.at\/wp-content\/uploads\/2022\/02\/1U0A2911-CR3_DxO_DeepPRIME-Bearbeitet-768x512.jpg 768w, https:\/\/old.camping-weiberlauf.at\/wp-content\/uploads\/2022\/02\/1U0A2911-CR3_DxO_DeepPRIME-Bearbeitet-1536x1025.jpg 1536w, https:\/\/old.camping-weiberlauf.at\/wp-content\/uploads\/2022\/02\/1U0A2911-CR3_DxO_DeepPRIME-Bearbeitet-2048x1366.jpg 2048w, https:\/\/old.camping-weiberlauf.at\/wp-content\/uploads\/2022\/02\/1U0A2911-CR3_DxO_DeepPRIME-Bearbeitet-940x627.jpg 940w\" sizes=\"auto, (max-width: 2560px) 100vw, 2560px\" \/><\/a><\/p>\n<p style=\"text-align: justify;\">Der Laft&#8217;nduck, ein einfacher Unterstand, diente den fr\u00fcheren Holzknechten als unmittelbare Behausung nahe ihrer Arbeitsstelle im Wald, dem &#8222;Holzschlag&#8220;.<br \/>\nHarte, k\u00f6perliche Arbeit, gro\u00dfes technisches Geschick und deftige Mahlzeiten pr\u00e4gten ihren Arbeitstag.<br \/>\nHolz- und Waldgeschichten kann man auch im Holzknechtcamp hautnah erleben und kennen lernen:<br \/>\nTolle Programme f\u00fcr Schullandwochen, Projekttage und Erlebnisunterricht aus den Bereichen Lebensraum Wald, Schlafen und Essen im Duck, alte Holztechniken, Besuch im Forstmuseum, Sach\/Ger\u00e4tekultur, Spiel, Sport und Fest.<\/p>\n<p style=\"text-align: justify;\">Die ideale Unterkunft (4 Personen pro Duck (Chalet), 8 haben wir) auch&nbsp;f\u00fcr Wassersportler, Wanderer, Biker, Motorradfahrer. Sie brauchen nur einen Schlafsack der Rest ist vorhanden. F\u00fcr das leibliche Wohl sorgen wir f\u00fcr Sie.<\/p>\n","protected":false},"excerpt":{"rendered":"<p>Faszination Duck-Camp (unsere einzigartigen Holz &#8211; Chalets) direkt am Fluss. Der Laft&#8217;nduck, ein einfacher Unterstand, diente den fr\u00fcheren Holzknechten als unmittelbare Behausung nahe ihrer Arbeitsstelle im Wald, dem &#8222;Holzschlag&#8220;. Harte, k\u00f6perliche Arbeit, gro\u00dfes technisches Geschick und deftige Mahlzeiten pr\u00e4gten ihren &#8230; <a class=\"more-link\" href=\"https:\/\/old.camping-weiberlauf.at\/?page_id=16\">Read More &raquo;<\/a><\/p>\n","protected":false},"author":1,"featured_media":0,"parent":0,"menu_order":0,"comment_status":"closed","ping_status":"closed","template":"","meta":{"ngg_post_thumbnail":0,"footnotes":""},"class_list":["post-16","page","type-page","status-publish","hentry"],"_links":{"self":[{"href":"https:\/\/old.camping-weiberlauf.at\/index.php?rest_route=\/wp\/v2\/pages\/16","targetHints":{"allow":["GET"]}}],"collection":[{"href":"https:\/\/old.camping-weiberlauf.at\/index.php?rest_route=\/wp\/v2\/pages"}],"about":[{"href":"https:\/\/old.camping-weiberlauf.at\/index.php?rest_route=\/wp\/v2\/types\/page"}],"author":[{"embeddable":true,"href":"https:\/\/old.camping-weiberlauf.at\/index.php?rest_route=\/wp\/v2\/users\/1"}],"replies":[{"embeddable":true,"href":"https:\/\/old.camping-weiberlauf.at\/index.php?rest_route=%2Fwp%2Fv2%2Fcomments&post=16"}],"version-history":[{"count":9,"href":"https:\/\/old.camping-weiberlauf.at\/index.php?rest_route=\/wp\/v2\/pages\/16\/revisions"}],"predecessor-version":[{"id":901,"href":"https:\/\/old.camping-weiberlauf.at\/index.php?rest_route=\/wp\/v2\/pages\/16\/revisions\/901"}],"wp:attachment":[{"href":"https:\/\/old.camping-weiberlauf.at\/index.php?rest_route=%2Fwp%2Fv2%2Fmedia&parent=16"}],"curies":[{"name":"wp","href":"https:\/\/api.w.org\/{rel}","templated":true}]}}